{"id":19,"date":"2024-09-19T06:16:01","date_gmt":"2024-09-19T06:16:01","guid":{"rendered":"http:\/\/uusi.karajatalo.fi\/?page_id=19"},"modified":"2025-08-11T08:52:34","modified_gmt":"2025-08-11T08:52:34","slug":"hinnasto","status":"publish","type":"page","link":"https:\/\/www.karajatalo.fi\/index.php\/hinnasto\/","title":{"rendered":"Hinnasto"},"content":{"rendered":"\t\t<div data-elementor-type=\"wp-page\" data-elementor-id=\"19\" class=\"elementor elementor-19\">\n\t\t\t\t<div class=\"elementor-element elementor-element-2aec44ac e-flex e-con-boxed e-con e-parent\" data-id=\"2aec44ac\" data-element_type=\"container\" data-e-type=\"container\">\n\t\t\t\t\t<div class=\"e-con-inner\">\n\t\t\t\t<div class=\"elementor-element elementor-element-610d51af elementor-widget elementor-widget-heading\" data-id=\"610d51af\" data-element_type=\"widget\" data-e-type=\"widget\" data-widget_type=\"heading.default\">\n\t\t\t\t<div class=\"elementor-widget-container\">\n\t\t\t\t\t<h1 class=\"elementor-heading-title elementor-size-default\">Hinnasto<\/h1>\t\t\t\t<\/div>\n\t\t\t\t<\/div>\n\t\t\t\t\t<\/div>\n\t\t\t\t<\/div>\n\t\t<div class=\"elementor-element elementor-element-50f6b9e elementor-hidden-tablet e-flex e-con-boxed e-con e-parent\" data-id=\"50f6b9e\" data-element_type=\"container\" data-e-type=\"container\">\n\t\t\t\t\t<div class=\"e-con-inner\">\n\t\t<div class=\"elementor-element elementor-element-074c6e4 e-con-full e-flex e-con e-child\" data-id=\"074c6e4\" data-element_type=\"container\" data-e-type=\"container\">\n\t\t\t\t<div class=\"elementor-element elementor-element-e71c114 elementor-widget elementor-widget-image\" data-id=\"e71c114\" data-element_type=\"widget\" data-e-type=\"widget\" data-widget_type=\"image.default\">\n\t\t\t\t<div class=\"elementor-widget-container\">\n\t\t\t\t\t\t\t\t\t\t\t\t\t\t\t<img fetchpriority=\"high\" decoding=\"async\" width=\"768\" height=\"1024\" src=\"https:\/\/www.karajatalo.fi\/wp-content\/uploads\/2024\/09\/kaunis_haakattaus-768x1024.jpg\" class=\"attachment-large size-large wp-image-199\" alt=\"\" srcset=\"https:\/\/www.karajatalo.fi\/wp-content\/uploads\/2024\/09\/kaunis_haakattaus-768x1024.jpg 768w, https:\/\/www.karajatalo.fi\/wp-content\/uploads\/2024\/09\/kaunis_haakattaus-225x300.jpg 225w, https:\/\/www.karajatalo.fi\/wp-content\/uploads\/2024\/09\/kaunis_haakattaus.jpg 1125w\" sizes=\"(max-width: 768px) 100vw, 768px\" \/>\t\t\t\t\t\t\t\t\t\t\t\t\t\t\t<\/div>\n\t\t\t\t<\/div>\n\t\t\t\t<\/div>\n\t\t<div class=\"elementor-element elementor-element-e72dd1e e-con-full e-flex e-con e-child\" data-id=\"e72dd1e\" data-element_type=\"container\" data-e-type=\"container\">\n\t\t<div class=\"elementor-element elementor-element-ff28b61 e-con-full e-flex e-con e-child\" data-id=\"ff28b61\" data-element_type=\"container\" data-e-type=\"container\">\n\t\t\t\t<div class=\"elementor-element elementor-element-ad315fe elementor-widget elementor-widget-text-editor\" data-id=\"ad315fe\" data-element_type=\"widget\" data-e-type=\"widget\" data-widget_type=\"text-editor.default\">\n\t\t\t\t<div class=\"elementor-widget-container\">\n\t\t\t\t\t\t\t\t\t<p>350 \u20ac\/vuorokausi<br \/>650 \u20ac\/2 vrk <br \/>1000 \u20ac\/pe-su <br \/>1200 \u20ac\/pe-su+ navetta<\/p><p>Kokoukset ma-to<br \/>50 \u20ac\/tunti<\/p><p>Hinnat sis\u00e4lt\u00e4v\u00e4t voimassa olevan arvonlis\u00e4veron.<\/p><p>Erillinen loppusiivousmaksu on 60 \u20ac.<\/p><p>Vuokrahintaan kuuluu talon astiat ja p\u00f6yt\u00e4liinat. K\u00e4yt\u00f6s\u00e4nne on k\u00e4r\u00e4j\u00e4tuvan kaksi keitti\u00f6t\u00e4 tarjoiluiden esillepanoa varten. Keitti\u00f6ist\u00e4 l\u00f6ytyy kahvin- ja vedenkeitin, mikro, uuni, liesi, astianpesukone, j\u00e4\u00e4kaappi ja pakastin.<\/p>\t\t\t\t\t\t\t\t<\/div>\n\t\t\t\t<\/div>\n\t\t\t\t<\/div>\n\t\t\t\t<\/div>\n\t\t\t\t\t<\/div>\n\t\t\t\t<\/div>\n\t\t<div class=\"elementor-element elementor-element-4b1ccb3 elementor-hidden-desktop elementor-hidden-mobile e-flex e-con-boxed e-con e-parent\" data-id=\"4b1ccb3\" data-element_type=\"container\" data-e-type=\"container\">\n\t\t\t\t\t<div class=\"e-con-inner\">\n\t\t<div class=\"elementor-element elementor-element-2b77c50 e-con-full e-flex e-con e-child\" data-id=\"2b77c50\" data-element_type=\"container\" data-e-type=\"container\">\n\t\t\t\t<div class=\"elementor-element elementor-element-f9b2c86 elementor-widget elementor-widget-image\" data-id=\"f9b2c86\" data-element_type=\"widget\" data-e-type=\"widget\" data-widget_type=\"image.default\">\n\t\t\t\t<div class=\"elementor-widget-container\">\n\t\t\t\t\t\t\t\t\t\t\t\t\t\t\t<img fetchpriority=\"high\" decoding=\"async\" width=\"768\" height=\"1024\" src=\"https:\/\/www.karajatalo.fi\/wp-content\/uploads\/2024\/09\/kaunis_haakattaus-768x1024.jpg\" class=\"attachment-large size-large wp-image-199\" alt=\"\" srcset=\"https:\/\/www.karajatalo.fi\/wp-content\/uploads\/2024\/09\/kaunis_haakattaus-768x1024.jpg 768w, https:\/\/www.karajatalo.fi\/wp-content\/uploads\/2024\/09\/kaunis_haakattaus-225x300.jpg 225w, https:\/\/www.karajatalo.fi\/wp-content\/uploads\/2024\/09\/kaunis_haakattaus.jpg 1125w\" sizes=\"(max-width: 768px) 100vw, 768px\" \/>\t\t\t\t\t\t\t\t\t\t\t\t\t\t\t<\/div>\n\t\t\t\t<\/div>\n\t\t\t\t<\/div>\n\t\t<div class=\"elementor-element elementor-element-4d31373 e-con-full e-flex e-con e-child\" data-id=\"4d31373\" data-element_type=\"container\" data-e-type=\"container\">\n\t\t<div class=\"elementor-element elementor-element-7e4bcc7 e-con-full e-flex e-con e-child\" data-id=\"7e4bcc7\" data-element_type=\"container\" data-e-type=\"container\">\n\t\t\t\t<div class=\"elementor-element elementor-element-903c36a elementor-widget__width-initial elementor-widget elementor-widget-text-editor\" data-id=\"903c36a\" data-element_type=\"widget\" data-e-type=\"widget\" data-widget_type=\"text-editor.default\">\n\t\t\t\t<div class=\"elementor-widget-container\">\n\t\t\t\t\t\t\t\t\t<p>350 \u20ac\/vuorokausi<br \/>650 \u20ac\/2 vrk <br \/>1000 \u20ac\/pe-su <br \/>1200 \u20ac\/pe-su+ navetta<\/p><p>Kokoukset ma-to<br \/>50 \u20ac\/tunti<\/p><p>Hinnat sis\u00e4lt\u00e4v\u00e4t voimassa olevan arvonlis\u00e4veron.<\/p><p>Erillinen loppusiivousmaksu on 60 \u20ac.<\/p>\t\t\t\t\t\t\t\t<\/div>\n\t\t\t\t<\/div>\n\t\t\t\t<\/div>\n\t\t\t\t<\/div>\n\t\t\t\t\t<\/div>\n\t\t\t\t<\/div>\n\t\t<div class=\"elementor-element elementor-element-e738093 elementor-hidden-desktop elementor-hidden-mobile e-flex e-con-boxed e-con e-parent\" data-id=\"e738093\" data-element_type=\"container\" data-e-type=\"container\">\n\t\t\t\t\t<div class=\"e-con-inner\">\n\t\t\t\t<div class=\"elementor-element elementor-element-e63a1ff elementor-widget__width-initial elementor-widget elementor-widget-text-editor\" data-id=\"e63a1ff\" data-element_type=\"widget\" data-e-type=\"widget\" data-widget_type=\"text-editor.default\">\n\t\t\t\t<div class=\"elementor-widget-container\">\n\t\t\t\t\t\t\t\t\t<p>Vuokrahintaan kuuluu talon astiat ja p\u00f6yt\u00e4liinat. K\u00e4yt\u00f6s\u00e4nne on K\u00e4r\u00e4j\u00e4tuvan kaksi keitti\u00f6t\u00e4 tarjoiluiden esillepanoa varten. Keitti\u00f6ist\u00e4 l\u00f6ytyy mikro, kahvin- ja vedekeitin, uuni, liesi, astianpesukone, j\u00e4\u00e4kaappi ja pakastin.<\/p>\t\t\t\t\t\t\t\t<\/div>\n\t\t\t\t<\/div>\n\t\t\t\t\t<\/div>\n\t\t\t\t<\/div>\n\t\t\t\t<\/div>\n\t\t","protected":false},"excerpt":{"rendered":"<p>Hinnasto 350 \u20ac\/vuorokausi650 \u20ac\/2 vrk 1000 \u20ac\/pe-su 1200 \u20ac\/pe-su+ navetta Kokoukset ma-to50 \u20ac\/tunti Hinnat sis\u00e4lt\u00e4v\u00e4t voimassa olevan arvonlis\u00e4veron. Erillinen loppusiivousmaksu [&hellip;]<\/p>\n","protected":false},"author":1,"featured_media":0,"parent":0,"menu_order":0,"comment_status":"closed","ping_status":"closed","template":"","meta":{"site-sidebar-layout":"no-sidebar","site-content-layout":"","ast-site-content-layout":"full-width-container","site-content-style":"default","site-sidebar-style":"default","ast-global-header-display":"","ast-banner-title-visibility":"","ast-main-header-display":"","ast-hfb-above-header-display":"","ast-hfb-below-header-display":"","ast-hfb-mobile-header-display":"","site-post-title":"disabled","ast-breadcrumbs-content":"","ast-featured-img":"disabled","footer-sml-layout":"","ast-disable-related-posts":"","theme-transparent-header-meta":"","adv-header-id-meta":"","stick-header-meta":"","header-above-stick-meta":"","header-main-stick-meta":"","header-below-stick-meta":"","astra-migrate-meta-layouts":"default","ast-page-background-enabled":"default","ast-page-background-meta":{"desktop":{"background-color":"var(--ast-global-color-4)","background-image":"","background-repeat":"repeat","background-position":"center center","background-size":"auto","background-attachment":"scroll","background-type":"","background-media":"","overlay-type":"","overlay-color":"","overlay-opacity":"","overlay-gradient":""},"tablet":{"background-color":"","background-image":"","background-repeat":"repeat","background-position":"center center","background-size":"auto","background-attachment":"scroll","background-type":"","background-media":"","overlay-type":"","overlay-color":"","overlay-opacity":"","overlay-gradient":""},"mobile":{"background-color":"","background-image":"","background-repeat":"repeat","background-position":"center center","background-size":"auto","background-attachment":"scroll","background-type":"","background-media":"","overlay-type":"","overlay-color":"","overlay-opacity":"","overlay-gradient":""}},"ast-content-background-meta":{"desktop":{"background-color":"var(--ast-global-color-5)","background-image":"","background-repeat":"repeat","background-position":"center center","background-size":"auto","background-attachment":"scroll","background-type":"","background-media":"","overlay-type":"","overlay-color":"","overlay-opacity":"","overlay-gradient":""},"tablet":{"background-color":"var(--ast-global-color-5)","background-image":"","background-repeat":"repeat","background-position":"center center","background-size":"auto","background-attachment":"scroll","background-type":"","background-media":"","overlay-type":"","overlay-color":"","overlay-opacity":"","overlay-gradient":""},"mobile":{"background-color":"var(--ast-global-color-5)","background-image":"","background-repeat":"repeat","background-position":"center center","background-size":"auto","background-attachment":"scroll","background-type":"","background-media":"","overlay-type":"","overlay-color":"","overlay-opacity":"","overlay-gradient":""}},"footnotes":""},"class_list":["post-19","page","type-page","status-publish","hentry"],"yoast_head":"<!-- This site is optimized with the Yoast SEO plugin v27.3 - https:\/\/yoast.com\/product\/yoast-seo-wordpress\/ -->\n<title>Hinnasto<\/title>\n<meta name=\"description\" content=\"T\u00e4\u00e4lt\u00e4 l\u00f6yd\u00e4t tilojen voimassaolevat vuokraushinnat sek\u00e4 varustelutason.\" \/>\n<meta name=\"robots\" content=\"index, follow, max-snippet:-1, max-image-preview:large, max-video-preview:-1\" \/>\n<link rel=\"canonical\" href=\"https:\/\/www.karajatalo.fi\/index.php\/hinnasto\/\" \/>\n<meta property=\"og:locale\" content=\"en_US\" \/>\n<meta property=\"og:type\" content=\"article\" \/>\n<meta property=\"og:title\" content=\"Hinnasto\" \/>\n<meta property=\"og:description\" content=\"T\u00e4\u00e4lt\u00e4 l\u00f6yd\u00e4t tilojen voimassaolevat vuokraushinnat sek\u00e4 varustelutason.\" \/>\n<meta property=\"og:url\" content=\"https:\/\/www.karajatalo.fi\/index.php\/hinnasto\/\" \/>\n<meta property=\"article:modified_time\" content=\"2025-08-11T08:52:34+00:00\" \/>\n<meta property=\"og:image\" content=\"http:\/\/www.karajatalo.fi\/wp-content\/uploads\/2024\/09\/kaunis_haakattaus-768x1024.jpg\" \/>\n<meta name=\"twitter:card\" content=\"summary_large_image\" \/>\n<meta name=\"twitter:label1\" content=\"Est. reading time\" \/>\n\t<meta name=\"twitter:data1\" content=\"1 minute\" \/>\n<script type=\"application\/ld+json\" class=\"yoast-schema-graph\">{\"@context\":\"https:\\\/\\\/schema.org\",\"@graph\":[{\"@type\":\"WebPage\",\"@id\":\"https:\\\/\\\/www.karajatalo.fi\\\/index.php\\\/hinnasto\\\/\",\"url\":\"https:\\\/\\\/www.karajatalo.fi\\\/index.php\\\/hinnasto\\\/\",\"name\":\"Hinnasto\",\"isPartOf\":{\"@id\":\"http:\\\/\\\/www.karajatalo.fi\\\/#website\"},\"primaryImageOfPage\":{\"@id\":\"https:\\\/\\\/www.karajatalo.fi\\\/index.php\\\/hinnasto\\\/#primaryimage\"},\"image\":{\"@id\":\"https:\\\/\\\/www.karajatalo.fi\\\/index.php\\\/hinnasto\\\/#primaryimage\"},\"thumbnailUrl\":\"http:\\\/\\\/www.karajatalo.fi\\\/wp-content\\\/uploads\\\/2024\\\/09\\\/kaunis_haakattaus-768x1024.jpg\",\"datePublished\":\"2024-09-19T06:16:01+00:00\",\"dateModified\":\"2025-08-11T08:52:34+00:00\",\"description\":\"T\u00e4\u00e4lt\u00e4 l\u00f6yd\u00e4t tilojen voimassaolevat vuokraushinnat sek\u00e4 varustelutason.\",\"breadcrumb\":{\"@id\":\"https:\\\/\\\/www.karajatalo.fi\\\/index.php\\\/hinnasto\\\/#breadcrumb\"},\"inLanguage\":\"en\",\"potentialAction\":[{\"@type\":\"ReadAction\",\"target\":[\"https:\\\/\\\/www.karajatalo.fi\\\/index.php\\\/hinnasto\\\/\"]}]},{\"@type\":\"ImageObject\",\"inLanguage\":\"en\",\"@id\":\"https:\\\/\\\/www.karajatalo.fi\\\/index.php\\\/hinnasto\\\/#primaryimage\",\"url\":\"https:\\\/\\\/www.karajatalo.fi\\\/wp-content\\\/uploads\\\/2024\\\/09\\\/kaunis_haakattaus.jpg\",\"contentUrl\":\"https:\\\/\\\/www.karajatalo.fi\\\/wp-content\\\/uploads\\\/2024\\\/09\\\/kaunis_haakattaus.jpg\",\"width\":1125,\"height\":1500},{\"@type\":\"BreadcrumbList\",\"@id\":\"https:\\\/\\\/www.karajatalo.fi\\\/index.php\\\/hinnasto\\\/#breadcrumb\",\"itemListElement\":[{\"@type\":\"ListItem\",\"position\":1,\"name\":\"Home\",\"item\":\"http:\\\/\\\/www.karajatalo.fi\\\/\"},{\"@type\":\"ListItem\",\"position\":2,\"name\":\"Hinnasto\"}]},{\"@type\":\"WebSite\",\"@id\":\"http:\\\/\\\/www.karajatalo.fi\\\/#website\",\"url\":\"http:\\\/\\\/www.karajatalo.fi\\\/\",\"name\":\"K\u00e4r\u00e4j\u00e4talo\",\"description\":\"K&auml;r&auml;j&auml;talo\",\"publisher\":{\"@id\":\"http:\\\/\\\/www.karajatalo.fi\\\/#organization\"},\"potentialAction\":[{\"@type\":\"SearchAction\",\"target\":{\"@type\":\"EntryPoint\",\"urlTemplate\":\"http:\\\/\\\/www.karajatalo.fi\\\/?s={search_term_string}\"},\"query-input\":{\"@type\":\"PropertyValueSpecification\",\"valueRequired\":true,\"valueName\":\"search_term_string\"}}],\"inLanguage\":\"en\"},{\"@type\":\"Organization\",\"@id\":\"http:\\\/\\\/www.karajatalo.fi\\\/#organization\",\"name\":\"K\u00e4r\u00e4j\u00e4talo\",\"url\":\"http:\\\/\\\/www.karajatalo.fi\\\/\",\"logo\":{\"@type\":\"ImageObject\",\"inLanguage\":\"en\",\"@id\":\"http:\\\/\\\/www.karajatalo.fi\\\/#\\\/schema\\\/logo\\\/image\\\/\",\"url\":\"https:\\\/\\\/www.karajatalo.fi\\\/wp-content\\\/uploads\\\/2024\\\/09\\\/karajatalo_logo_beige.png\",\"contentUrl\":\"https:\\\/\\\/www.karajatalo.fi\\\/wp-content\\\/uploads\\\/2024\\\/09\\\/karajatalo_logo_beige.png\",\"width\":750,\"height\":250,\"caption\":\"K\u00e4r\u00e4j\u00e4talo\"},\"image\":{\"@id\":\"http:\\\/\\\/www.karajatalo.fi\\\/#\\\/schema\\\/logo\\\/image\\\/\"}}]}<\/script>\n<!-- \/ Yoast SEO plugin. -->","yoast_head_json":{"title":"Hinnasto","description":"T\u00e4\u00e4lt\u00e4 l\u00f6yd\u00e4t tilojen voimassaolevat vuokraushinnat sek\u00e4 varustelutason.","robots":{"index":"index","follow":"follow","max-snippet":"max-snippet:-1","max-image-preview":"max-image-preview:large","max-video-preview":"max-video-preview:-1"},"canonical":"https:\/\/www.karajatalo.fi\/index.php\/hinnasto\/","og_locale":"en_US","og_type":"article","og_title":"Hinnasto","og_description":"T\u00e4\u00e4lt\u00e4 l\u00f6yd\u00e4t tilojen voimassaolevat vuokraushinnat sek\u00e4 varustelutason.","og_url":"https:\/\/www.karajatalo.fi\/index.php\/hinnasto\/","article_modified_time":"2025-08-11T08:52:34+00:00","og_image":[{"url":"http:\/\/www.karajatalo.fi\/wp-content\/uploads\/2024\/09\/kaunis_haakattaus-768x1024.jpg","type":"","width":"","height":""}],"twitter_card":"summary_large_image","twitter_misc":{"Est. reading time":"1 minute"},"schema":{"@context":"https:\/\/schema.org","@graph":[{"@type":"WebPage","@id":"https:\/\/www.karajatalo.fi\/index.php\/hinnasto\/","url":"https:\/\/www.karajatalo.fi\/index.php\/hinnasto\/","name":"Hinnasto","isPartOf":{"@id":"http:\/\/www.karajatalo.fi\/#website"},"primaryImageOfPage":{"@id":"https:\/\/www.karajatalo.fi\/index.php\/hinnasto\/#primaryimage"},"image":{"@id":"https:\/\/www.karajatalo.fi\/index.php\/hinnasto\/#primaryimage"},"thumbnailUrl":"http:\/\/www.karajatalo.fi\/wp-content\/uploads\/2024\/09\/kaunis_haakattaus-768x1024.jpg","datePublished":"2024-09-19T06:16:01+00:00","dateModified":"2025-08-11T08:52:34+00:00","description":"T\u00e4\u00e4lt\u00e4 l\u00f6yd\u00e4t tilojen voimassaolevat vuokraushinnat sek\u00e4 varustelutason.","breadcrumb":{"@id":"https:\/\/www.karajatalo.fi\/index.php\/hinnasto\/#breadcrumb"},"inLanguage":"en","potentialAction":[{"@type":"ReadAction","target":["https:\/\/www.karajatalo.fi\/index.php\/hinnasto\/"]}]},{"@type":"ImageObject","inLanguage":"en","@id":"https:\/\/www.karajatalo.fi\/index.php\/hinnasto\/#primaryimage","url":"https:\/\/www.karajatalo.fi\/wp-content\/uploads\/2024\/09\/kaunis_haakattaus.jpg","contentUrl":"https:\/\/www.karajatalo.fi\/wp-content\/uploads\/2024\/09\/kaunis_haakattaus.jpg","width":1125,"height":1500},{"@type":"BreadcrumbList","@id":"https:\/\/www.karajatalo.fi\/index.php\/hinnasto\/#breadcrumb","itemListElement":[{"@type":"ListItem","position":1,"name":"Home","item":"http:\/\/www.karajatalo.fi\/"},{"@type":"ListItem","position":2,"name":"Hinnasto"}]},{"@type":"WebSite","@id":"http:\/\/www.karajatalo.fi\/#website","url":"http:\/\/www.karajatalo.fi\/","name":"K\u00e4r\u00e4j\u00e4talo","description":"K&auml;r&auml;j&auml;talo","publisher":{"@id":"http:\/\/www.karajatalo.fi\/#organization"},"potentialAction":[{"@type":"SearchAction","target":{"@type":"EntryPoint","urlTemplate":"http:\/\/www.karajatalo.fi\/?s={search_term_string}"},"query-input":{"@type":"PropertyValueSpecification","valueRequired":true,"valueName":"search_term_string"}}],"inLanguage":"en"},{"@type":"Organization","@id":"http:\/\/www.karajatalo.fi\/#organization","name":"K\u00e4r\u00e4j\u00e4talo","url":"http:\/\/www.karajatalo.fi\/","logo":{"@type":"ImageObject","inLanguage":"en","@id":"http:\/\/www.karajatalo.fi\/#\/schema\/logo\/image\/","url":"https:\/\/www.karajatalo.fi\/wp-content\/uploads\/2024\/09\/karajatalo_logo_beige.png","contentUrl":"https:\/\/www.karajatalo.fi\/wp-content\/uploads\/2024\/09\/karajatalo_logo_beige.png","width":750,"height":250,"caption":"K\u00e4r\u00e4j\u00e4talo"},"image":{"@id":"http:\/\/www.karajatalo.fi\/#\/schema\/logo\/image\/"}}]}},"_links":{"self":[{"href":"https:\/\/www.karajatalo.fi\/index.php\/wp-json\/wp\/v2\/pages\/19","targetHints":{"allow":["GET"]}}],"collection":[{"href":"https:\/\/www.karajatalo.fi\/index.php\/wp-json\/wp\/v2\/pages"}],"about":[{"href":"https:\/\/www.karajatalo.fi\/index.php\/wp-json\/wp\/v2\/types\/page"}],"author":[{"embeddable":true,"href":"https:\/\/www.karajatalo.fi\/index.php\/wp-json\/wp\/v2\/users\/1"}],"replies":[{"embeddable":true,"href":"https:\/\/www.karajatalo.fi\/index.php\/wp-json\/wp\/v2\/comments?post=19"}],"version-history":[{"count":52,"href":"https:\/\/www.karajatalo.fi\/index.php\/wp-json\/wp\/v2\/pages\/19\/revisions"}],"predecessor-version":[{"id":756,"href":"https:\/\/www.karajatalo.fi\/index.php\/wp-json\/wp\/v2\/pages\/19\/revisions\/756"}],"wp:attachment":[{"href":"https:\/\/www.karajatalo.fi\/index.php\/wp-json\/wp\/v2\/media?parent=19"}],"curies":[{"name":"wp","href":"https:\/\/api.w.org\/{rel}","templated":true}]}}