{"id":21,"date":"2024-09-19T06:16:18","date_gmt":"2024-09-19T06:16:18","guid":{"rendered":"http:\/\/uusi.karajatalo.fi\/?page_id=21"},"modified":"2026-01-07T08:42:17","modified_gmt":"2026-01-07T08:42:17","slug":"yhteystiedot","status":"publish","type":"page","link":"https:\/\/www.karajatalo.fi\/index.php\/yhteystiedot\/","title":{"rendered":"Yhteystiedot"},"content":{"rendered":"\t\t<div data-elementor-type=\"wp-page\" data-elementor-id=\"21\" class=\"elementor elementor-21\">\n\t\t\t\t<div class=\"elementor-element elementor-element-65235cf2 e-flex e-con-boxed e-con e-parent\" data-id=\"65235cf2\" data-element_type=\"container\" data-e-type=\"container\">\n\t\t\t\t\t<div class=\"e-con-inner\">\n\t\t\t\t<div class=\"elementor-element elementor-element-272816d1 elementor-widget elementor-widget-heading\" data-id=\"272816d1\" data-element_type=\"widget\" data-e-type=\"widget\" data-widget_type=\"heading.default\">\n\t\t\t\t<div class=\"elementor-widget-container\">\n\t\t\t\t\t<h1 class=\"elementor-heading-title elementor-size-default\">Yhteystiedot<\/h1>\t\t\t\t<\/div>\n\t\t\t\t<\/div>\n\t\t\t\t\t<\/div>\n\t\t\t\t<\/div>\n\t\t<div class=\"elementor-element elementor-element-3bafdaa e-flex e-con-boxed e-con e-parent\" data-id=\"3bafdaa\" data-element_type=\"container\" data-e-type=\"container\">\n\t\t\t\t\t<div class=\"e-con-inner\">\n\t\t\t\t<div class=\"elementor-element elementor-element-2880c22 elementor-widget elementor-widget-text-editor\" data-id=\"2880c22\" data-element_type=\"widget\" data-e-type=\"widget\" data-widget_type=\"text-editor.default\">\n\t\t\t\t<div class=\"elementor-widget-container\">\n\t\t\t\t\t\t\t\t\t<p>Her\u00e4sik\u00f6 kysymyksi\u00e4 tai haluatko juuri sinua varten muokatun tarjouksen? <br \/>Esittelemme paikkoja mielell\u00e4mme, jotta voit varmistua paikan ainutlaatuisuudesta ja sopivuudesta juuri sinun tilaisuuteesi.<br \/>Ota rohkesti yhteytt\u00e4! Vastaamme mielell\u00e4mme kaikkiin sinua askaruttaviin kysymyksiin.<\/p>\t\t\t\t\t\t\t\t<\/div>\n\t\t\t\t<\/div>\n\t\t\t\t\t<\/div>\n\t\t\t\t<\/div>\n\t\t<div class=\"elementor-element elementor-element-da5dde5 e-flex e-con-boxed e-con e-parent\" data-id=\"da5dde5\" data-element_type=\"container\" data-e-type=\"container\">\n\t\t\t\t\t<div class=\"e-con-inner\">\n\t\t<div class=\"elementor-element elementor-element-2a58a1a e-con-full e-flex e-con e-child\" data-id=\"2a58a1a\" data-element_type=\"container\" data-e-type=\"container\">\n\t\t\t\t<div class=\"elementor-element elementor-element-7619aeb elementor-widget elementor-widget-google_maps\" data-id=\"7619aeb\" data-element_type=\"widget\" data-e-type=\"widget\" data-widget_type=\"google_maps.default\">\n\t\t\t\t<div class=\"elementor-widget-container\">\n\t\t\t\t\t\t\t<div class=\"elementor-custom-embed\">\n\t\t\t<iframe loading=\"lazy\"\n\t\t\t\t\tsrc=\"https:\/\/maps.google.com\/maps?q=Nokkalantie%208%2C%2076150%20Pieks%C3%A4m%C3%A4ki&#038;t=m&#038;z=12&#038;output=embed&#038;iwloc=near\"\n\t\t\t\t\ttitle=\"Nokkalantie 8, 76150 Pieks\u00e4m\u00e4ki\"\n\t\t\t\t\taria-label=\"Nokkalantie 8, 76150 Pieks\u00e4m\u00e4ki\"\n\t\t\t><\/iframe>\n\t\t<\/div>\n\t\t\t\t\t\t<\/div>\n\t\t\t\t<\/div>\n\t\t\t\t<\/div>\n\t\t\t\t\t<\/div>\n\t\t\t\t<\/div>\n\t\t<div class=\"elementor-element elementor-element-d0c827a e-flex e-con-boxed e-con e-parent\" data-id=\"d0c827a\" data-element_type=\"container\" data-e-type=\"container\">\n\t\t\t\t\t<div class=\"e-con-inner\">\n\t\t<div class=\"elementor-element elementor-element-3ec3fb3 e-con-full e-flex e-con e-child\" data-id=\"3ec3fb3\" data-element_type=\"container\" data-e-type=\"container\">\n\t\t\t\t<div class=\"elementor-element elementor-element-d1bead8 elementor-widget__width-initial elementor-widget elementor-widget-text-editor\" data-id=\"d1bead8\" data-element_type=\"widget\" data-e-type=\"widget\" data-widget_type=\"text-editor.default\">\n\t\t\t\t<div class=\"elementor-widget-container\">\n\t\t\t\t\t\t\t\t\t<p>Nokkalan K\u00e4r\u00e4j\u00e4talo<br \/>Nokkalantie 8<br \/>76150 PIEKS\u00c4M\u00c4KI<\/p><p>K\u00e4r\u00e4j\u00e4talon tilavuokraus ja pitopalvelu Nami Bakery &amp; Catering<br \/>Tiina R\u00e4s\u00e4nen p. 0440 565 742<\/p>\t\t\t\t\t\t\t\t<\/div>\n\t\t\t\t<\/div>\n\t\t\t\t<div class=\"elementor-element elementor-element-2cba8b1 elementor-hidden-mobile elementor-widget elementor-widget-text-editor\" data-id=\"2cba8b1\" data-element_type=\"widget\" data-e-type=\"widget\" data-widget_type=\"text-editor.default\">\n\t\t\t\t<div class=\"elementor-widget-container\">\n\t\t\t\t\t\t\t\t\t<p><a href=\"mailto:pitopalvelu.namicatering@gmail.com\" target=\"_blank\" rel=\"noopener\">pitopalvelu.namicatering@gmail.com<\/a>\u00a0<\/p>\t\t\t\t\t\t\t\t<\/div>\n\t\t\t\t<\/div>\n\t\t\t\t<div class=\"elementor-element elementor-element-6ef954d elementor-align-center elementor-hidden-desktop elementor-hidden-tablet elementor-widget elementor-widget-button\" data-id=\"6ef954d\" data-element_type=\"widget\" data-e-type=\"widget\" data-widget_type=\"button.default\">\n\t\t\t\t<div class=\"elementor-widget-container\">\n\t\t\t\t\t\t\t\t\t<div class=\"elementor-button-wrapper\">\n\t\t\t\t\t<a class=\"elementor-button elementor-button-link elementor-size-sm\" href=\"tel:+358440%20565742\u00a0\" target=\"_blank\">\n\t\t\t\t\t\t<span class=\"elementor-button-content-wrapper\">\n\t\t\t\t\t\t\t\t\t<span class=\"elementor-button-text\">Soita<\/span>\n\t\t\t\t\t<\/span>\n\t\t\t\t\t<\/a>\n\t\t\t\t<\/div>\n\t\t\t\t\t\t\t\t<\/div>\n\t\t\t\t<\/div>\n\t\t\t\t<div class=\"elementor-element elementor-element-87765c8 elementor-align-center elementor-hidden-desktop elementor-hidden-tablet elementor-widget elementor-widget-button\" data-id=\"87765c8\" data-element_type=\"widget\" data-e-type=\"widget\" data-widget_type=\"button.default\">\n\t\t\t\t<div class=\"elementor-widget-container\">\n\t\t\t\t\t\t\t\t\t<div class=\"elementor-button-wrapper\">\n\t\t\t\t\t<a class=\"elementor-button elementor-button-link elementor-size-sm\" href=\"mailto:pitopalvelu.namicatering@gmail.com\u00a0\" target=\"_blank\">\n\t\t\t\t\t\t<span class=\"elementor-button-content-wrapper\">\n\t\t\t\t\t\t\t\t\t<span class=\"elementor-button-text\">S\u00e4hk\u00f6posti<\/span>\n\t\t\t\t\t<\/span>\n\t\t\t\t\t<\/a>\n\t\t\t\t<\/div>\n\t\t\t\t\t\t\t\t<\/div>\n\t\t\t\t<\/div>\n\t\t\t\t<\/div>\n\t\t\t\t\t<\/div>\n\t\t\t\t<\/div>\n\t\t<div class=\"elementor-element elementor-element-657657d e-flex e-con-boxed e-con e-parent\" data-id=\"657657d\" data-element_type=\"container\" data-e-type=\"container\">\n\t\t\t\t\t<div class=\"e-con-inner\">\n\t\t\t\t<div class=\"elementor-element elementor-element-1b71ea6 elementor-widget-mobile__width-initial elementor-widget elementor-widget-image\" data-id=\"1b71ea6\" data-element_type=\"widget\" data-e-type=\"widget\" data-widget_type=\"image.default\">\n\t\t\t\t<div class=\"elementor-widget-container\">\n\t\t\t\t\t\t\t\t\t\t\t\t\t\t\t\t<a href=\"https:\/\/www.namicatering.fi\/\" target=\"_blank\">\n\t\t\t\t\t\t\t<img fetchpriority=\"high\" decoding=\"async\" width=\"1000\" height=\"500\" src=\"https:\/\/www.karajatalo.fi\/wp-content\/uploads\/2024\/09\/logo.png\" class=\"attachment-full size-full wp-image-535\" alt=\"\" srcset=\"https:\/\/www.karajatalo.fi\/wp-content\/uploads\/2024\/09\/logo.png 1000w, https:\/\/www.karajatalo.fi\/wp-content\/uploads\/2024\/09\/logo-300x150.png 300w, https:\/\/www.karajatalo.fi\/wp-content\/uploads\/2024\/09\/logo-768x384.png 768w\" sizes=\"(max-width: 1000px) 100vw, 1000px\" \/>\t\t\t\t\t\t\t\t<\/a>\n\t\t\t\t\t\t\t\t\t\t\t\t\t\t\t<\/div>\n\t\t\t\t<\/div>\n\t\t\t\t\t<\/div>\n\t\t\t\t<\/div>\n\t\t\t\t<\/div>\n\t\t","protected":false},"excerpt":{"rendered":"<p>Yhteystiedot Her\u00e4sik\u00f6 kysymyksi\u00e4 tai haluatko juuri sinua varten muokatun tarjouksen? Esittelemme paikkoja mielell\u00e4mme, jotta voit varmistua paikan ainutlaatuisuudesta ja sopivuudesta [&hellip;]<\/p>\n","protected":false},"author":1,"featured_media":0,"parent":0,"menu_order":0,"comment_status":"closed","ping_status":"closed","template":"","meta":{"site-sidebar-layout":"no-sidebar","site-content-layout":"","ast-site-content-layout":"full-width-container","site-content-style":"default","site-sidebar-style":"default","ast-global-header-display":"","ast-banner-title-visibility":"","ast-main-header-display":"","ast-hfb-above-header-display":"","ast-hfb-below-header-display":"","ast-hfb-mobile-header-display":"","site-post-title":"disabled","ast-breadcrumbs-content":"","ast-featured-img":"disabled","footer-sml-layout":"","ast-disable-related-posts":"","theme-transparent-header-meta":"","adv-header-id-meta":"","stick-header-meta":"","header-above-stick-meta":"","header-main-stick-meta":"","header-below-stick-meta":"","astra-migrate-meta-layouts":"default","ast-page-background-enabled":"default","ast-page-background-meta":{"desktop":{"background-color":"var(--ast-global-color-4)","background-image":"","background-repeat":"repeat","background-position":"center center","background-size":"auto","background-attachment":"scroll","background-type":"","background-media":"","overlay-type":"","overlay-color":"","overlay-opacity":"","overlay-gradient":""},"tablet":{"background-color":"","background-image":"","background-repeat":"repeat","background-position":"center center","background-size":"auto","background-attachment":"scroll","background-type":"","background-media":"","overlay-type":"","overlay-color":"","overlay-opacity":"","overlay-gradient":""},"mobile":{"background-color":"","background-image":"","background-repeat":"repeat","background-position":"center center","background-size":"auto","background-attachment":"scroll","background-type":"","background-media":"","overlay-type":"","overlay-color":"","overlay-opacity":"","overlay-gradient":""}},"ast-content-background-meta":{"desktop":{"background-color":"var(--ast-global-color-5)","background-image":"","background-repeat":"repeat","background-position":"center center","background-size":"auto","background-attachment":"scroll","background-type":"","background-media":"","overlay-type":"","overlay-color":"","overlay-opacity":"","overlay-gradient":""},"tablet":{"background-color":"var(--ast-global-color-5)","background-image":"","background-repeat":"repeat","background-position":"center center","background-size":"auto","background-attachment":"scroll","background-type":"","background-media":"","overlay-type":"","overlay-color":"","overlay-opacity":"","overlay-gradient":""},"mobile":{"background-color":"var(--ast-global-color-5)","background-image":"","background-repeat":"repeat","background-position":"center center","background-size":"auto","background-attachment":"scroll","background-type":"","background-media":"","overlay-type":"","overlay-color":"","overlay-opacity":"","overlay-gradient":""}},"footnotes":""},"class_list":["post-21","page","type-page","status-publish","hentry"],"yoast_head":"<!-- This site is optimized with the Yoast SEO plugin v27.3 - https:\/\/yoast.com\/product\/yoast-seo-wordpress\/ -->\n<title>Yhteystiedot<\/title>\n<meta name=\"description\" content=\"Her\u00e4sik\u00f6 kysymyksi\u00e4 tai haluatko juuri sinua varten muokatun tarjouksen? L\u00f6yd\u00e4t t\u00e4\u00e4lt\u00e4 yhteystietomme yhteydenottoa varten.\" \/>\n<meta name=\"robots\" content=\"index, follow, max-snippet:-1, max-image-preview:large, max-video-preview:-1\" \/>\n<link rel=\"canonical\" href=\"https:\/\/www.karajatalo.fi\/index.php\/yhteystiedot\/\" \/>\n<meta property=\"og:locale\" content=\"en_US\" \/>\n<meta property=\"og:type\" content=\"article\" \/>\n<meta property=\"og:title\" content=\"Yhteystiedot\" \/>\n<meta property=\"og:description\" content=\"Her\u00e4sik\u00f6 kysymyksi\u00e4 tai haluatko juuri sinua varten muokatun tarjouksen? L\u00f6yd\u00e4t t\u00e4\u00e4lt\u00e4 yhteystietomme yhteydenottoa varten.\" \/>\n<meta property=\"og:url\" content=\"https:\/\/www.karajatalo.fi\/index.php\/yhteystiedot\/\" \/>\n<meta property=\"article:modified_time\" content=\"2026-01-07T08:42:17+00:00\" \/>\n<meta property=\"og:image\" content=\"http:\/\/www.karajatalo.fi\/wp-content\/uploads\/2024\/09\/logo.png\" \/>\n<meta name=\"twitter:card\" content=\"summary_large_image\" \/>\n<meta name=\"twitter:label1\" content=\"Est. reading time\" \/>\n\t<meta name=\"twitter:data1\" content=\"1 minute\" \/>\n<script type=\"application\/ld+json\" class=\"yoast-schema-graph\">{\"@context\":\"https:\\\/\\\/schema.org\",\"@graph\":[{\"@type\":\"WebPage\",\"@id\":\"https:\\\/\\\/www.karajatalo.fi\\\/index.php\\\/yhteystiedot\\\/\",\"url\":\"https:\\\/\\\/www.karajatalo.fi\\\/index.php\\\/yhteystiedot\\\/\",\"name\":\"Yhteystiedot\",\"isPartOf\":{\"@id\":\"https:\\\/\\\/www.karajatalo.fi\\\/#website\"},\"primaryImageOfPage\":{\"@id\":\"https:\\\/\\\/www.karajatalo.fi\\\/index.php\\\/yhteystiedot\\\/#primaryimage\"},\"image\":{\"@id\":\"https:\\\/\\\/www.karajatalo.fi\\\/index.php\\\/yhteystiedot\\\/#primaryimage\"},\"thumbnailUrl\":\"http:\\\/\\\/www.karajatalo.fi\\\/wp-content\\\/uploads\\\/2024\\\/09\\\/logo.png\",\"datePublished\":\"2024-09-19T06:16:18+00:00\",\"dateModified\":\"2026-01-07T08:42:17+00:00\",\"description\":\"Her\u00e4sik\u00f6 kysymyksi\u00e4 tai haluatko juuri sinua varten muokatun tarjouksen? L\u00f6yd\u00e4t t\u00e4\u00e4lt\u00e4 yhteystietomme yhteydenottoa varten.\",\"breadcrumb\":{\"@id\":\"https:\\\/\\\/www.karajatalo.fi\\\/index.php\\\/yhteystiedot\\\/#breadcrumb\"},\"inLanguage\":\"en\",\"potentialAction\":[{\"@type\":\"ReadAction\",\"target\":[\"https:\\\/\\\/www.karajatalo.fi\\\/index.php\\\/yhteystiedot\\\/\"]}]},{\"@type\":\"ImageObject\",\"inLanguage\":\"en\",\"@id\":\"https:\\\/\\\/www.karajatalo.fi\\\/index.php\\\/yhteystiedot\\\/#primaryimage\",\"url\":\"http:\\\/\\\/www.karajatalo.fi\\\/wp-content\\\/uploads\\\/2024\\\/09\\\/logo.png\",\"contentUrl\":\"http:\\\/\\\/www.karajatalo.fi\\\/wp-content\\\/uploads\\\/2024\\\/09\\\/logo.png\"},{\"@type\":\"BreadcrumbList\",\"@id\":\"https:\\\/\\\/www.karajatalo.fi\\\/index.php\\\/yhteystiedot\\\/#breadcrumb\",\"itemListElement\":[{\"@type\":\"ListItem\",\"position\":1,\"name\":\"Home\",\"item\":\"https:\\\/\\\/www.karajatalo.fi\\\/\"},{\"@type\":\"ListItem\",\"position\":2,\"name\":\"Yhteystiedot\"}]},{\"@type\":\"WebSite\",\"@id\":\"https:\\\/\\\/www.karajatalo.fi\\\/#website\",\"url\":\"https:\\\/\\\/www.karajatalo.fi\\\/\",\"name\":\"K\u00e4r\u00e4j\u00e4talo\",\"description\":\"K&auml;r&auml;j&auml;talo\",\"publisher\":{\"@id\":\"https:\\\/\\\/www.karajatalo.fi\\\/#organization\"},\"potentialAction\":[{\"@type\":\"SearchAction\",\"target\":{\"@type\":\"EntryPoint\",\"urlTemplate\":\"https:\\\/\\\/www.karajatalo.fi\\\/?s={search_term_string}\"},\"query-input\":{\"@type\":\"PropertyValueSpecification\",\"valueRequired\":true,\"valueName\":\"search_term_string\"}}],\"inLanguage\":\"en\"},{\"@type\":\"Organization\",\"@id\":\"https:\\\/\\\/www.karajatalo.fi\\\/#organization\",\"name\":\"K\u00e4r\u00e4j\u00e4talo\",\"url\":\"https:\\\/\\\/www.karajatalo.fi\\\/\",\"logo\":{\"@type\":\"ImageObject\",\"inLanguage\":\"en\",\"@id\":\"https:\\\/\\\/www.karajatalo.fi\\\/#\\\/schema\\\/logo\\\/image\\\/\",\"url\":\"https:\\\/\\\/www.karajatalo.fi\\\/wp-content\\\/uploads\\\/2024\\\/09\\\/karajatalo_logo_beige.png\",\"contentUrl\":\"https:\\\/\\\/www.karajatalo.fi\\\/wp-content\\\/uploads\\\/2024\\\/09\\\/karajatalo_logo_beige.png\",\"width\":750,\"height\":250,\"caption\":\"K\u00e4r\u00e4j\u00e4talo\"},\"image\":{\"@id\":\"https:\\\/\\\/www.karajatalo.fi\\\/#\\\/schema\\\/logo\\\/image\\\/\"}}]}<\/script>\n<!-- \/ Yoast SEO plugin. -->","yoast_head_json":{"title":"Yhteystiedot","description":"Her\u00e4sik\u00f6 kysymyksi\u00e4 tai haluatko juuri sinua varten muokatun tarjouksen? L\u00f6yd\u00e4t t\u00e4\u00e4lt\u00e4 yhteystietomme yhteydenottoa varten.","robots":{"index":"index","follow":"follow","max-snippet":"max-snippet:-1","max-image-preview":"max-image-preview:large","max-video-preview":"max-video-preview:-1"},"canonical":"https:\/\/www.karajatalo.fi\/index.php\/yhteystiedot\/","og_locale":"en_US","og_type":"article","og_title":"Yhteystiedot","og_description":"Her\u00e4sik\u00f6 kysymyksi\u00e4 tai haluatko juuri sinua varten muokatun tarjouksen? L\u00f6yd\u00e4t t\u00e4\u00e4lt\u00e4 yhteystietomme yhteydenottoa varten.","og_url":"https:\/\/www.karajatalo.fi\/index.php\/yhteystiedot\/","article_modified_time":"2026-01-07T08:42:17+00:00","og_image":[{"url":"http:\/\/www.karajatalo.fi\/wp-content\/uploads\/2024\/09\/logo.png","type":"","width":"","height":""}],"twitter_card":"summary_large_image","twitter_misc":{"Est. reading time":"1 minute"},"schema":{"@context":"https:\/\/schema.org","@graph":[{"@type":"WebPage","@id":"https:\/\/www.karajatalo.fi\/index.php\/yhteystiedot\/","url":"https:\/\/www.karajatalo.fi\/index.php\/yhteystiedot\/","name":"Yhteystiedot","isPartOf":{"@id":"https:\/\/www.karajatalo.fi\/#website"},"primaryImageOfPage":{"@id":"https:\/\/www.karajatalo.fi\/index.php\/yhteystiedot\/#primaryimage"},"image":{"@id":"https:\/\/www.karajatalo.fi\/index.php\/yhteystiedot\/#primaryimage"},"thumbnailUrl":"http:\/\/www.karajatalo.fi\/wp-content\/uploads\/2024\/09\/logo.png","datePublished":"2024-09-19T06:16:18+00:00","dateModified":"2026-01-07T08:42:17+00:00","description":"Her\u00e4sik\u00f6 kysymyksi\u00e4 tai haluatko juuri sinua varten muokatun tarjouksen? L\u00f6yd\u00e4t t\u00e4\u00e4lt\u00e4 yhteystietomme yhteydenottoa varten.","breadcrumb":{"@id":"https:\/\/www.karajatalo.fi\/index.php\/yhteystiedot\/#breadcrumb"},"inLanguage":"en","potentialAction":[{"@type":"ReadAction","target":["https:\/\/www.karajatalo.fi\/index.php\/yhteystiedot\/"]}]},{"@type":"ImageObject","inLanguage":"en","@id":"https:\/\/www.karajatalo.fi\/index.php\/yhteystiedot\/#primaryimage","url":"http:\/\/www.karajatalo.fi\/wp-content\/uploads\/2024\/09\/logo.png","contentUrl":"http:\/\/www.karajatalo.fi\/wp-content\/uploads\/2024\/09\/logo.png"},{"@type":"BreadcrumbList","@id":"https:\/\/www.karajatalo.fi\/index.php\/yhteystiedot\/#breadcrumb","itemListElement":[{"@type":"ListItem","position":1,"name":"Home","item":"https:\/\/www.karajatalo.fi\/"},{"@type":"ListItem","position":2,"name":"Yhteystiedot"}]},{"@type":"WebSite","@id":"https:\/\/www.karajatalo.fi\/#website","url":"https:\/\/www.karajatalo.fi\/","name":"K\u00e4r\u00e4j\u00e4talo","description":"K&auml;r&auml;j&auml;talo","publisher":{"@id":"https:\/\/www.karajatalo.fi\/#organization"},"potentialAction":[{"@type":"SearchAction","target":{"@type":"EntryPoint","urlTemplate":"https:\/\/www.karajatalo.fi\/?s={search_term_string}"},"query-input":{"@type":"PropertyValueSpecification","valueRequired":true,"valueName":"search_term_string"}}],"inLanguage":"en"},{"@type":"Organization","@id":"https:\/\/www.karajatalo.fi\/#organization","name":"K\u00e4r\u00e4j\u00e4talo","url":"https:\/\/www.karajatalo.fi\/","logo":{"@type":"ImageObject","inLanguage":"en","@id":"https:\/\/www.karajatalo.fi\/#\/schema\/logo\/image\/","url":"https:\/\/www.karajatalo.fi\/wp-content\/uploads\/2024\/09\/karajatalo_logo_beige.png","contentUrl":"https:\/\/www.karajatalo.fi\/wp-content\/uploads\/2024\/09\/karajatalo_logo_beige.png","width":750,"height":250,"caption":"K\u00e4r\u00e4j\u00e4talo"},"image":{"@id":"https:\/\/www.karajatalo.fi\/#\/schema\/logo\/image\/"}}]}},"_links":{"self":[{"href":"https:\/\/www.karajatalo.fi\/index.php\/wp-json\/wp\/v2\/pages\/21","targetHints":{"allow":["GET"]}}],"collection":[{"href":"https:\/\/www.karajatalo.fi\/index.php\/wp-json\/wp\/v2\/pages"}],"about":[{"href":"https:\/\/www.karajatalo.fi\/index.php\/wp-json\/wp\/v2\/types\/page"}],"author":[{"embeddable":true,"href":"https:\/\/www.karajatalo.fi\/index.php\/wp-json\/wp\/v2\/users\/1"}],"replies":[{"embeddable":true,"href":"https:\/\/www.karajatalo.fi\/index.php\/wp-json\/wp\/v2\/comments?post=21"}],"version-history":[{"count":61,"href":"https:\/\/www.karajatalo.fi\/index.php\/wp-json\/wp\/v2\/pages\/21\/revisions"}],"predecessor-version":[{"id":747,"href":"https:\/\/www.karajatalo.fi\/index.php\/wp-json\/wp\/v2\/pages\/21\/revisions\/747"}],"wp:attachment":[{"href":"https:\/\/www.karajatalo.fi\/index.php\/wp-json\/wp\/v2\/media?parent=21"}],"curies":[{"name":"wp","href":"https:\/\/api.w.org\/{rel}","templated":true}]}}